{"id":12,"date":"2025-09-15T23:13:30","date_gmt":"2025-09-15T23:13:30","guid":{"rendered":"http:\/\/julielapsy.fr\/?page_id=12"},"modified":"2025-12-31T13:29:51","modified_gmt":"2025-12-31T13:29:51","slug":"accueil","status":"publish","type":"page","link":"https:\/\/julielapsy.fr\/","title":{"rendered":"Accueil"},"content":{"rendered":"\n<div class=\"wp-block-cover alignfull is-light wp-duotone-unset-1\" style=\"min-height:416px;aspect-ratio:unset;\"><span aria-hidden=\"true\" class=\"wp-block-cover__background has-background-dim has-background-gradient\" style=\"background:linear-gradient(35deg,rgb(6,0,151) 0%,rgb(130,4,255) 73%,rgb(193,15,255) 100%)\"><\/span><div class=\"wp-block-cover__inner-container is-layout-flow wp-block-cover-is-layout-flow\">\n<div class=\"inherit-container-width wp-block-group alignwide is-layout-constrained wp-block-group-is-layout-constrained\">\n<div class=\"wp-block-media-text alignwide has-media-on-the-right is-stacked-on-mobile is-vertically-aligned-center\" style=\"grid-template-columns:auto 20%\"><div class=\"wp-block-media-text__content\">\n<h1 class=\"wp-block-heading has-text-align-left has-white-color has-text-color\">Psychopraticienne<\/h1>\n\n\n\n<p class=\"has-white-color has-text-color\">Je vous accueille dans un&nbsp;<strong>espace d\u2019\u00e9change bienveillant et sans jugement<\/strong>, o\u00f9 vous pourrez vous exprimer librement.&nbsp;<br><\/p>\n\n\n\n<div class=\"wp-block-buttons is-layout-flex wp-block-buttons-is-layout-flex\">\n<div class=\"wp-block-button\"><a class=\"wp-block-button__link wp-element-button\" href=\"http:\/\/julielapsy.fr\/index.php\/quest-ce-quun-psychopraticien\/\">En savoir plus<\/a><\/div>\n<\/div>\n<\/div><figure class=\"wp-block-media-text__media\"><img loading=\"lazy\" decoding=\"async\" width=\"1016\" height=\"1024\" src=\"https:\/\/julielapsy.fr\/wp-content\/uploads\/2025\/12\/arbre-de-vie-psycho-4-1016x1024.png\" alt=\"\" class=\"wp-image-309 size-full\" srcset=\"https:\/\/julielapsy.fr\/wp-content\/uploads\/2025\/12\/arbre-de-vie-psycho-4-1016x1024.png 1016w, https:\/\/julielapsy.fr\/wp-content\/uploads\/2025\/12\/arbre-de-vie-psycho-4-298x300.png 298w, https:\/\/julielapsy.fr\/wp-content\/uploads\/2025\/12\/arbre-de-vie-psycho-4-150x150.png 150w, https:\/\/julielapsy.fr\/wp-content\/uploads\/2025\/12\/arbre-de-vie-psycho-4-768x774.png 768w, https:\/\/julielapsy.fr\/wp-content\/uploads\/2025\/12\/arbre-de-vie-psycho-4.png 1170w\" sizes=\"auto, (max-width: 1016px) 100vw, 1016px\" \/><\/figure><\/div>\n<\/div>\n<\/div><\/div>\n\n\n\n<div class=\"wp-block-group alignfull is-layout-constrained wp-container-core-group-is-layout-9cedb757 wp-block-group-is-layout-constrained has-background\" style=\"padding-bottom:0px;background-image:url(&apos;https:\/\/julielapsy.fr\/wp-content\/uploads\/2025\/12\/site-psychopraticien-1.webp&apos;);background-size:cover;\">\n<div class=\"wp-block-columns are-vertically-aligned-top is-layout-flex wp-container-core-columns-is-layout-00723822 wp-block-columns-is-layout-flex\">\n<div class=\"wp-block-column is-vertically-aligned-top is-layout-flow wp-container-core-column-is-layout-6b73ce23 wp-block-column-is-layout-flow\">\n<figure class=\"wp-block-image aligncenter size-full has-custom-border\"><img loading=\"lazy\" decoding=\"async\" width=\"156\" height=\"154\" src=\"https:\/\/julielapsy.fr\/wp-content\/uploads\/2025\/12\/psychotherapeute.png\" alt=\"\" class=\"wp-image-323\" style=\"border-style:none;border-width:0px\"\/><\/figure>\n\n\n\n<h3 class=\"wp-block-heading has-text-align-left\" style=\"margin-top:16px\">Pourquoi consulter un th\u00e9rapeute ?<\/h3>\n\n\n\n<p class=\"has-text-align-left\">Il est souvent difficile de franchir le pas, d\u2019aller consulter \u00ab quelqu\u2019un \u00bb.<br>Beaucoup y sont r\u00e9ticents\u2026 <strong>jusqu\u2019au jour o\u00f9 le besoin \u00e9merge vraiment<\/strong>.<\/p>\n\n\n\n<div style=\"height:18px\" aria-hidden=\"true\" class=\"wp-block-spacer\"><\/div>\n\n\n\n<div style=\"height:0px\" aria-hidden=\"true\" class=\"wp-block-spacer\"><\/div>\n\n\n\n<div class=\"wp-block-buttons is-layout-flex wp-container-core-buttons-is-layout-9bedd9bf wp-block-buttons-is-layout-flex\">\n<div class=\"wp-block-button\"><a class=\"wp-block-button__link wp-element-button\" href=\"http:\/\/julielapsy.fr\/index.php\/pourquoi-consulter-un-therapeute\/\">Lire la suite<\/a><\/div>\n<\/div>\n<\/div>\n\n\n\n<div class=\"wp-block-column is-vertically-aligned-top is-layout-flow wp-container-core-column-is-layout-6b73ce23 wp-block-column-is-layout-flow\">\n<figure class=\"wp-block-image aligncenter size-full\"><img loading=\"lazy\" decoding=\"async\" width=\"156\" height=\"154\" src=\"http:\/\/julielapsy.fr\/wp-content\/uploads\/2025\/11\/soigner-esprit-1.png\" alt=\"\" class=\"wp-image-256\"\/><\/figure>\n\n\n\n<h3 class=\"wp-block-heading has-text-align-left\" style=\"margin-top:16px\">Soigner le corps et l\u2019esprit<\/h3>\n\n\n\n<p class=\"has-text-align-left\"><strong>Prendre soin de son esprit, c\u2019est \u00e9galement prendre soin de son corps<\/strong>, car chaque pens\u00e9e apais\u00e9e, chaque \u00e9motion comprise contribue \u00e0 un \u00e9quilibre physiologique global.<\/p>\n\n\n\n<div class=\"wp-block-buttons is-layout-flex wp-container-core-buttons-is-layout-9bedd9bf wp-block-buttons-is-layout-flex\">\n<div class=\"wp-block-button\"><a class=\"wp-block-button__link wp-element-button\" href=\"http:\/\/julielapsy.fr\/index.php\/soigner-le-corps-et-lesprit\/\">Lire la suite<\/a><\/div>\n<\/div>\n<\/div>\n\n\n\n<div class=\"wp-block-column is-vertically-aligned-top is-layout-flow wp-container-core-column-is-layout-6b73ce23 wp-block-column-is-layout-flow\">\n<figure class=\"wp-block-image aligncenter size-full\"><img loading=\"lazy\" decoding=\"async\" width=\"156\" height=\"154\" src=\"http:\/\/julielapsy.fr\/wp-content\/uploads\/2025\/11\/julie-la-psy-2.png\" alt=\"\" class=\"wp-image-262\"\/><\/figure>\n\n\n\n<h3 class=\"wp-block-heading has-text-align-left\" style=\"margin-top:16px\">Quelques mots sur moi<br><\/h3>\n\n\n\n<p class=\"has-text-align-left\">Je suis&nbsp;<strong>psychopraticienne certifi\u00e9e (EFPP)<\/strong>&nbsp;et&nbsp;<strong>kin\u00e9sith\u00e9rapeute dipl\u00f4m\u00e9e d\u2019\u00c9tat<\/strong>. Ce que j\u2019ai toujours aim\u00e9,&nbsp;<strong>au-del\u00e0 du geste<\/strong>, c\u2019est l\u2019\u00e9change humain avec mes patients.<\/p>\n\n\n\n<div style=\"height:22px\" aria-hidden=\"true\" class=\"wp-block-spacer\"><\/div>\n\n\n\n<div class=\"wp-block-buttons is-layout-flex wp-block-buttons-is-layout-flex\">\n<div class=\"wp-block-button\"><a class=\"wp-block-button__link wp-element-button\" href=\"http:\/\/julielapsy.fr\/index.php\/quelques-mots-sur-moi\/\">Lire la suite<\/a><\/div>\n<\/div>\n<\/div>\n\n\n\n<div class=\"wp-block-column is-vertically-aligned-top is-layout-flow wp-container-core-column-is-layout-6b73ce23 wp-block-column-is-layout-flow\">\n<figure class=\"wp-block-image aligncenter size-full\"><img loading=\"lazy\" decoding=\"async\" width=\"156\" height=\"154\" src=\"http:\/\/julielapsy.fr\/wp-content\/uploads\/2025\/11\/propose-2.png\" alt=\"\" class=\"wp-image-264\"\/><\/figure>\n\n\n\n<h3 class=\"wp-block-heading has-text-align-left\" style=\"margin-top:16px\">Ce que je vous propose<br><\/h3>\n\n\n\n<p class=\"has-text-align-left\">Mon approche de la psychoth\u00e9rapie combine plusieurs m\u00e9thodes, comme l\u2019analyse transactionnelle, pour vous aider \u00e0 mieux comprendre vos \u00e9motions et g\u00e9rer les interactions relationnelles.&nbsp;<br><\/p>\n\n\n\n<div class=\"wp-block-buttons is-layout-flex wp-container-core-buttons-is-layout-9bedd9bf wp-block-buttons-is-layout-flex\">\n<div class=\"wp-block-button\"><a class=\"wp-block-button__link wp-element-button\" href=\"http:\/\/julielapsy.fr\/index.php\/ce-que-je-vous-propose\/\">Lire la suite<\/a><\/div>\n<\/div>\n<\/div>\n<\/div>\n\n\n\n<div style=\"height:20px\" aria-hidden=\"true\" class=\"wp-block-spacer\"><\/div>\n\n\n\n<div class=\"wp-block-buttons is-layout-flex wp-block-buttons-is-layout-flex\"><\/div>\n<\/div>\n\n\n\n<div id=\"about\" class=\"wp-block-group has-ast-global-color-4-background-color has-background is-nowrap is-layout-flex wp-container-core-group-is-layout-fddb64ee wp-block-group-is-layout-flex\" style=\"padding-top:42px;padding-bottom:42px\">\n<div class=\"wp-block-media-text is-stacked-on-mobile is-vertically-aligned-top\" style=\"grid-template-columns:52% auto\"><figure class=\"wp-block-media-text__media\"><img loading=\"lazy\" decoding=\"async\" width=\"1024\" height=\"768\" src=\"http:\/\/julielapsy.fr\/wp-content\/uploads\/2025\/11\/IMG_0901-1024x768.jpg\" alt=\"\" class=\"wp-image-241 size-full\" srcset=\"https:\/\/julielapsy.fr\/wp-content\/uploads\/2025\/11\/IMG_0901-1024x768.jpg 1024w, https:\/\/julielapsy.fr\/wp-content\/uploads\/2025\/11\/IMG_0901-300x225.jpg 300w, https:\/\/julielapsy.fr\/wp-content\/uploads\/2025\/11\/IMG_0901-768x576.jpg 768w, https:\/\/julielapsy.fr\/wp-content\/uploads\/2025\/11\/IMG_0901-1536x1152.jpg 1536w, https:\/\/julielapsy.fr\/wp-content\/uploads\/2025\/11\/IMG_0901-2048x1536.jpg 2048w\" sizes=\"auto, (max-width: 1024px) 100vw, 1024px\" \/><\/figure><div class=\"wp-block-media-text__content\">\n<div class=\"inherit-container-width wp-block-group is-layout-constrained wp-container-core-group-is-layout-47ce07ec wp-block-group-is-layout-constrained\" style=\"padding-right:80px\">\n<h2 class=\"wp-block-heading\"><strong>Cabinet de psychoth\u00e9rapie<\/strong><\/h2>\n\n\n\n<p>1 avenue de Bellevue<br>95230\u00a0Soisy-sous-Montmorency\u00a0(Val-d\u2019Oise)<\/p>\n\n\n\n<h2 class=\"wp-block-heading has-text-align-left\" style=\"padding-right:40px\"><a href=\"http:\/\/julielapsy.fr\/index.php\/contact-et-rendez-vous\/\" data-type=\"page\" data-id=\"70\">Infos pratiques<\/a><\/h2>\n\n\n\n<p>&nbsp;\ud83d\udcde <strong>06 14 30 69 07<\/strong><br><strong>&nbsp;\ud83d\udce7 juliecozic95@gmail.com<\/strong><br>\ud83d\udcc6 <strong>Prise de rendez-vous par t\u00e9l\u00e9phone, apr\u00e8s un premier \u00e9change<\/strong>.<\/p>\n\n\n\n<p><\/p>\n<\/div>\n\n\n\n<div class=\"wp-block-buttons is-layout-flex wp-block-buttons-is-layout-flex\">\n<div class=\"wp-block-button\"><a class=\"wp-block-button__link wp-element-button\" href=\"http:\/\/julielapsy.fr\/index.php\/contact-et-rendez-vous\/\">en savoir plus<\/a><\/div>\n<\/div>\n<\/div><\/div>\n<\/div>\n\n\n\n<hr class=\"wp-block-separator has-alpha-channel-opacity\"\/>\n\n\n\n<div class=\"wp-block-group alignfull has-ast-global-color-4-background-color has-background is-layout-constrained wp-container-core-group-is-layout-6a2cfb7b wp-block-group-is-layout-constrained\" id=\"reviews\">\n<figure class=\"wp-block-image aligncenter size-full is-resized\"><img loading=\"lazy\" decoding=\"async\" width=\"156\" height=\"154\" src=\"http:\/\/julielapsy.fr\/wp-content\/uploads\/2025\/11\/arbre-de-vie-1.png\" alt=\"\" class=\"wp-image-242\" style=\"width:75px;height:auto\"\/><\/figure>\n\n\n\n<p class=\"has-text-align-center\" style=\"font-size:22px;line-height:1.6\">\u201c\u00catre th\u00e9rapeute, c\u2019est apprendre aux gens comment s\u2019aider eux-m\u00eames\u201d<\/p>\n\n\n\n<p class=\"has-text-align-center\"><strong>Serge Desjardin<\/strong><\/p>\n<\/div>\n\n\n\n<div class=\"wp-block-group is-layout-constrained wp-block-group-is-layout-constrained\"><style id=\"wpforms-css-vars-157-block-3429d45e-6df5-4e54-8f15-ab2ae721dab9\">\n\t\t\t\t#wpforms-157.wpforms-block-3429d45e-6df5-4e54-8f15-ab2ae721dab9 {\n\t\t\t\t--wpforms-field-size-input-height: 43px;\n--wpforms-field-size-input-spacing: 15px;\n--wpforms-field-size-font-size: 16px;\n--wpforms-field-size-line-height: 19px;\n--wpforms-field-size-padding-h: 14px;\n--wpforms-field-size-checkbox-size: 16px;\n--wpforms-field-size-sublabel-spacing: 5px;\n--wpforms-field-size-icon-size: 1;\n--wpforms-label-size-font-size: 16px;\n--wpforms-label-size-line-height: 19px;\n--wpforms-label-size-sublabel-font-size: 14px;\n--wpforms-label-size-sublabel-line-height: 17px;\n--wpforms-button-size-font-size: 17px;\n--wpforms-button-size-height: 41px;\n--wpforms-button-size-padding-h: 15px;\n--wpforms-button-size-margin-top: 10px;\n\t\t\t}\n\t\t\t<\/style><div class=\"wpforms-container wpforms-container-full wpforms-block wpforms-block-3429d45e-6df5-4e54-8f15-ab2ae721dab9 wpforms-render-modern\" id=\"wpforms-157\"><form id=\"wpforms-form-157\" class=\"wpforms-validate wpforms-form wpforms-ajax-form\" data-formid=\"157\" method=\"post\" enctype=\"multipart\/form-data\" action=\"\/index.php\/wp-json\/wp\/v2\/pages\/12\" data-token=\"5aa01b9d08ce10f3e4cb497b2694b193\" data-token-time=\"1775567564\"><div class=\"wpforms-head-container\"><div class=\"wpforms-title\">Contactez-moi<\/div><\/div><noscript class=\"wpforms-error-noscript\">Veuillez activer JavaScript dans votre navigateur pour remplir ce formulaire.<\/noscript><div id=\"wpforms-error-noscript\" style=\"display: none;\">Veuillez activer JavaScript dans votre navigateur pour remplir ce formulaire.<\/div><div class=\"wpforms-field-container\"><div id=\"wpforms-157-field_4-container\" class=\"wpforms-field wpforms-field-checkbox\" data-field-id=\"4\"><fieldset><legend class=\"wpforms-field-label\">Formulaire de contact<\/legend><ul id=\"wpforms-157-field_4\"><li class=\"choice-1 depth-1\"><input type=\"checkbox\" id=\"wpforms-157-field_4_1\" name=\"wpforms[fields][4][]\" value=\"Madame\" aria-errormessage=\"wpforms-157-field_4_1-error\"  ><label class=\"wpforms-field-label-inline\" for=\"wpforms-157-field_4_1\">Madame<\/label><\/li><li class=\"choice-2 depth-1\"><input type=\"checkbox\" id=\"wpforms-157-field_4_2\" name=\"wpforms[fields][4][]\" value=\"Monsieur\" aria-errormessage=\"wpforms-157-field_4_2-error\"  ><label class=\"wpforms-field-label-inline\" for=\"wpforms-157-field_4_2\">Monsieur<\/label><\/li><\/ul><\/fieldset><\/div><div id=\"wpforms-157-field_1-container\" class=\"wpforms-field wpforms-field-name\" data-field-id=\"1\"><fieldset><legend class=\"wpforms-field-label\">Nom <span class=\"wpforms-required-label\" aria-hidden=\"true\">*<\/span><\/legend><div class=\"wpforms-field-row wpforms-field-medium\"><div class=\"wpforms-field-row-block wpforms-first wpforms-one-half\"><input type=\"text\" id=\"wpforms-157-field_1\" class=\"wpforms-field-name-first wpforms-field-required\" name=\"wpforms[fields][1][first]\" aria-errormessage=\"wpforms-157-field_1-error\" required><label for=\"wpforms-157-field_1\" class=\"wpforms-field-sublabel after\">Pr\u00e9nom<\/label><\/div><div class=\"wpforms-field-row-block wpforms-one-half\"><input type=\"text\" id=\"wpforms-157-field_1-last\" class=\"wpforms-field-name-last wpforms-field-required\" name=\"wpforms[fields][1][last]\" aria-errormessage=\"wpforms-157-field_1-last-error\" required><label for=\"wpforms-157-field_1-last\" class=\"wpforms-field-sublabel after\">Nom<\/label><\/div><\/div><\/fieldset><\/div><div id=\"wpforms-157-field_2-container\" class=\"wpforms-field wpforms-field-email\" data-field-id=\"2\"><label class=\"wpforms-field-label\" for=\"wpforms-157-field_2\">E-mail <span class=\"wpforms-required-label\" aria-hidden=\"true\">*<\/span><\/label><input type=\"email\" id=\"wpforms-157-field_2\" class=\"wpforms-field-medium wpforms-field-required\" name=\"wpforms[fields][2]\" spellcheck=\"false\" aria-errormessage=\"wpforms-157-field_2-error\" required><\/div>\t\t<div id=\"wpforms-157-field_5-container\"\n\t\t\tclass=\"wpforms-field wpforms-field-text\"\n\t\t\tdata-field-type=\"text\"\n\t\t\tdata-field-id=\"5\"\n\t\t\t>\n\t\t\t<label class=\"wpforms-field-label\" for=\"wpforms-157-field_5\" >Nom Formulaire E-mail<\/label>\n\t\t\t<input type=\"text\" id=\"wpforms-157-field_5\" class=\"wpforms-field-medium\" name=\"wpforms[fields][5]\" >\n\t\t<\/div>\n\t\t<div id=\"wpforms-157-field_3-container\" class=\"wpforms-field wpforms-field-textarea\" data-field-id=\"3\"><label class=\"wpforms-field-label\" for=\"wpforms-157-field_3\">Message <span class=\"wpforms-required-label\" aria-hidden=\"true\">*<\/span><\/label><textarea id=\"wpforms-157-field_3\" class=\"wpforms-field-medium wpforms-field-required\" name=\"wpforms[fields][3]\" aria-errormessage=\"wpforms-157-field_3-error\" required><\/textarea><\/div><script>\n\t\t\t\t( function() {\n\t\t\t\t\tconst style = document.createElement( 'style' );\n\t\t\t\t\tstyle.appendChild( document.createTextNode( '#wpforms-157-field_5-container { position: absolute !important; overflow: hidden !important; display: inline !important; height: 1px !important; width: 1px !important; z-index: -1000 !important; padding: 0 !important; } #wpforms-157-field_5-container input { visibility: hidden; } #wpforms-conversational-form-page #wpforms-157-field_5-container label { counter-increment: none; }' ) );\n\t\t\t\t\tdocument.head.appendChild( style );\n\t\t\t\t\tdocument.currentScript?.remove();\n\t\t\t\t} )();\n\t\t\t<\/script><\/div><!-- .wpforms-field-container --><div class=\"wpforms-submit-container\" ><input type=\"hidden\" name=\"wpforms[id]\" value=\"157\"><input type=\"hidden\" name=\"page_title\" value=\"\"><input type=\"hidden\" name=\"page_url\" value=\"https:\/\/julielapsy.fr\/index.php\/wp-json\/wp\/v2\/pages\/12\"><input type=\"hidden\" name=\"url_referer\" value=\"\"><button type=\"submit\" name=\"wpforms[submit]\" id=\"wpforms-submit-157\" class=\"wpforms-submit\" data-alt-text=\"Envoi...\" data-submit-text=\"Envoyer\" aria-live=\"assertive\" value=\"wpforms-submit\">Envoyer<\/button><img loading=\"lazy\" decoding=\"async\" src=\"https:\/\/julielapsy.fr\/wp-content\/plugins\/wpforms-lite\/assets\/images\/submit-spin.svg\" class=\"wpforms-submit-spinner\" style=\"display: none;\" width=\"26\" height=\"26\" alt=\"Chargement en cours\"><\/div><\/form><\/div>  <!-- .wpforms-container --><\/div>\n","protected":false},"excerpt":{"rendered":"<p>Pourquoi consulter un th\u00e9rapeute ? Il est souvent difficile de franchir le pas, d\u2019aller consulter \u00ab quelqu\u2019un \u00bb.Beaucoup y sont [&hellip;]<\/p>\n","protected":false},"author":1,"featured_media":0,"parent":0,"menu_order":0,"comment_status":"closed","ping_status":"closed","template":"","meta":{"site-sidebar-layout":"no-sidebar","site-content-layout":"plain-container","ast-site-content-layout":"default","site-content-style":"default","site-sidebar-style":"default","ast-global-header-display":"","ast-banner-title-visibility":"","ast-main-header-display":"","ast-hfb-above-header-display":"","ast-hfb-below-header-display":"","ast-hfb-mobile-header-display":"","site-post-title":"disabled","ast-breadcrumbs-content":"","ast-featured-img":"","footer-sml-layout":"","theme-transparent-header-meta":"enabled","adv-header-id-meta":"","stick-header-meta":"","header-above-stick-meta":"","header-main-stick-meta":"","header-below-stick-meta":"","astra-migrate-meta-layouts":"default","ast-page-background-enabled":"default","ast-page-background-meta":{"desktop":{"background-color":"var(--ast-global-color-5)","background-image":"","background-repeat":"repeat","background-position":"center center","background-size":"auto","background-attachment":"scroll","background-type":"","background-media":"","overlay-type":"","overlay-color":"","overlay-opacity":"","overlay-gradient":""},"tablet":{"background-color":"","background-image":"","background-repeat":"repeat","background-position":"center center","background-size":"auto","background-attachment":"scroll","background-type":"","background-media":"","overlay-type":"","overlay-color":"","overlay-opacity":"","overlay-gradient":""},"mobile":{"background-color":"","background-image":"","background-repeat":"repeat","background-position":"center center","background-size":"auto","background-attachment":"scroll","background-type":"","background-media":"","overlay-type":"","overlay-color":"","overlay-opacity":"","overlay-gradient":""}},"ast-content-background-meta":{"desktop":{"background-color":"var(--ast-global-color-4)","background-image":"","background-repeat":"repeat","background-position":"center center","background-size":"auto","background-attachment":"scroll","background-type":"","background-media":"","overlay-type":"","overlay-color":"","overlay-opacity":"","overlay-gradient":""},"tablet":{"background-color":"var(--ast-global-color-4)","background-image":"","background-repeat":"repeat","background-position":"center center","background-size":"auto","background-attachment":"scroll","background-type":"","background-media":"","overlay-type":"","overlay-color":"","overlay-opacity":"","overlay-gradient":""},"mobile":{"background-color":"var(--ast-global-color-4)","background-image":"","background-repeat":"repeat","background-position":"center center","background-size":"auto","background-attachment":"scroll","background-type":"","background-media":"","overlay-type":"","overlay-color":"","overlay-opacity":"","overlay-gradient":""}},"footnotes":""},"class_list":["post-12","page","type-page","status-publish","hentry"],"_links":{"self":[{"href":"https:\/\/julielapsy.fr\/index.php\/wp-json\/wp\/v2\/pages\/12","targetHints":{"allow":["GET"]}}],"collection":[{"href":"https:\/\/julielapsy.fr\/index.php\/wp-json\/wp\/v2\/pages"}],"about":[{"href":"https:\/\/julielapsy.fr\/index.php\/wp-json\/wp\/v2\/types\/page"}],"author":[{"embeddable":true,"href":"https:\/\/julielapsy.fr\/index.php\/wp-json\/wp\/v2\/users\/1"}],"replies":[{"embeddable":true,"href":"https:\/\/julielapsy.fr\/index.php\/wp-json\/wp\/v2\/comments?post=12"}],"version-history":[{"count":79,"href":"https:\/\/julielapsy.fr\/index.php\/wp-json\/wp\/v2\/pages\/12\/revisions"}],"predecessor-version":[{"id":367,"href":"https:\/\/julielapsy.fr\/index.php\/wp-json\/wp\/v2\/pages\/12\/revisions\/367"}],"wp:attachment":[{"href":"https:\/\/julielapsy.fr\/index.php\/wp-json\/wp\/v2\/media?parent=12"}],"curies":[{"name":"wp","href":"https:\/\/api.w.org\/{rel}","templated":true}]}}