{"id":269,"date":"2025-11-23T15:07:30","date_gmt":"2025-11-23T15:07:30","guid":{"rendered":"http:\/\/julielapsy.fr\/?page_id=269"},"modified":"2025-11-23T15:07:30","modified_gmt":"2025-11-23T15:07:30","slug":"quest-ce-quun-psychopraticien","status":"publish","type":"page","link":"https:\/\/julielapsy.fr\/index.php\/quest-ce-quun-psychopraticien\/","title":{"rendered":"Qu&rsquo;est-ce qu&rsquo;un psychopraticien ?"},"content":{"rendered":"\n<blockquote class=\"wp-block-quote is-layout-flow wp-block-quote-is-layout-flow\">\n<p>Le psychopraticien est un professionnel de la relation d\u2019aide et de l\u2019accompagnement psychologique, form\u00e9 \u00e0 la psychoth\u00e9rapie. Gr\u00e2ce \u00e0 une \u00e9coute active, une pr\u00e9sence bienveillante et l\u2019utilisation d\u2019outils issus de courants psychoth\u00e9rapeutiques reconnus, il soutient les personnes dans leur cheminement int\u00e9rieur, la compr\u00e9hension de leurs \u00e9motions et la transformation de leurs difficult\u00e9s en ressources.<\/p>\n\n\n\n<p>Son accompagnement vise \u00e0 favoriser une meilleure connaissance de soi, un apaisement durable et un \u00e9panouissement personnel.<\/p>\n<\/blockquote>\n\n\n\n<h2 class=\"wp-block-heading\">Pour aller plus loin<\/h2>\n\n\n\n<p>Mon approche th\u00e9rapeutique s\u2019inscrit dans les courants humaniste et int\u00e9gratif de la psychoth\u00e9rapie.<\/p>\n\n\n\n<p>Elle repose sur la conviction que chacun porte en lui les ressources n\u00e9cessaires \u00e0 \u00e9voluer et avancer plus librement.<\/p>\n\n\n\n<p>Inspir\u00e9e par les grands principes de la psychanalyse, elle explore la construction de la personne depuis l\u2019enfance \u2014 son histoire, ses \u00e9motions, ses exp\u00e9riences fondatrices \u2014 tout en s\u2019ancrant dans une vision plus \u00e9volutive, tourn\u00e9e vers le pr\u00e9sent et le d\u00e9veloppement de soi.<\/p>\n\n\n\n<h2 class=\"wp-block-heading\">Mais que sont les courants humanistes et int\u00e9gratifs ?<\/h2>\n\n\n\n<p>Le courant humaniste consid\u00e8re chaque personne comme un \u00eatre unique, capable de croissance, de changement et d\u2019\u00e9panouissement. Il met l\u2019accent sur la conscience de soi, la responsabilit\u00e9 personnelle et la recherche de sens.&nbsp;<\/p>\n\n\n\n<p>Le courant int\u00e9gratif, quant \u00e0 lui, permet de s\u2019appuyer sur diff\u00e9rents outils et mod\u00e8les issus de plusieurs \u00e9coles reconnues de la psychoth\u00e9rapie, afin d\u2019adapter le travail au plus pr\u00e8s des besoins de chaque personne.<\/p>\n\n\n\n<p>Dans ce cadre, j\u2019utilise notamment les apports de l\u2019Analyse Transactionnelle, qui aide \u00e0 comprendre nos modes de communication, nos fonctionnements \u00e9motionnels et les \u00ab sc\u00e9narios de vie \u00bb issus de l\u2019enfance. Cette approche, associ\u00e9e \u00e0 un travail sur les \u00e9motions et les exp\u00e9riences pr\u00e9coces, permet de transformer les sch\u00e9mas r\u00e9p\u00e9titifs, de retrouver une coh\u00e9rence int\u00e9rieure et de renouer avec une image de soi plus libre et apais\u00e9e.<\/p>\n\n\n\n<p>Cette d\u00e9marche offre un accompagnement \u00e0 la fois profond et concret, favorisant la compr\u00e9hension de soi, la lib\u00e9ration \u00e9motionnelle et plus encore\u2026<\/p>\n\n\n\n<p><\/p>\n","protected":false},"excerpt":{"rendered":"<p>Le psychopraticien est un professionnel de la relation d\u2019aide et de l\u2019accompagnement psychologique, form\u00e9 \u00e0 la psychoth\u00e9rapie. Gr\u00e2ce \u00e0 une [&hellip;]<\/p>\n","protected":false},"author":1,"featured_media":0,"parent":0,"menu_order":0,"comment_status":"closed","ping_status":"closed","template":"","meta":{"site-sidebar-layout":"default","site-content-layout":"","ast-site-content-layout":"default","site-content-style":"default","site-sidebar-style":"default","ast-global-header-display":"","ast-banner-title-visibility":"","ast-main-header-display":"","ast-hfb-above-header-display":"","ast-hfb-below-header-display":"","ast-hfb-mobile-header-display":"","site-post-title":"","ast-breadcrumbs-content":"","ast-featured-img":"","footer-sml-layout":"","theme-transparent-header-meta":"","adv-header-id-meta":"","stick-header-meta":"","header-above-stick-meta":"","header-main-stick-meta":"","header-below-stick-meta":"","astra-migrate-meta-layouts":"default","ast-page-background-enabled":"default","ast-page-background-meta":{"desktop":{"background-color":"var(--ast-global-color-5)","background-image":"","background-repeat":"repeat","background-position":"center center","background-size":"auto","background-attachment":"scroll","background-type":"","background-media":"","overlay-type":"","overlay-color":"","overlay-opacity":"","overlay-gradient":""},"tablet":{"background-color":"","background-image":"","background-repeat":"repeat","background-position":"center center","background-size":"auto","background-attachment":"scroll","background-type":"","background-media":"","overlay-type":"","overlay-color":"","overlay-opacity":"","overlay-gradient":""},"mobile":{"background-color":"","background-image":"","background-repeat":"repeat","background-position":"center center","background-size":"auto","background-attachment":"scroll","background-type":"","background-media":"","overlay-type":"","overlay-color":"","overlay-opacity":"","overlay-gradient":""}},"ast-content-background-meta":{"desktop":{"background-color":"var(--ast-global-color-4)","background-image":"","background-repeat":"repeat","background-position":"center center","background-size":"auto","background-attachment":"scroll","background-type":"","background-media":"","overlay-type":"","overlay-color":"","overlay-opacity":"","overlay-gradient":""},"tablet":{"background-color":"var(--ast-global-color-4)","background-image":"","background-repeat":"repeat","background-position":"center center","background-size":"auto","background-attachment":"scroll","background-type":"","background-media":"","overlay-type":"","overlay-color":"","overlay-opacity":"","overlay-gradient":""},"mobile":{"background-color":"var(--ast-global-color-4)","background-image":"","background-repeat":"repeat","background-position":"center center","background-size":"auto","background-attachment":"scroll","background-type":"","background-media":"","overlay-type":"","overlay-color":"","overlay-opacity":"","overlay-gradient":""}},"footnotes":""},"class_list":["post-269","page","type-page","status-publish","hentry"],"_links":{"self":[{"href":"https:\/\/julielapsy.fr\/index.php\/wp-json\/wp\/v2\/pages\/269","targetHints":{"allow":["GET"]}}],"collection":[{"href":"https:\/\/julielapsy.fr\/index.php\/wp-json\/wp\/v2\/pages"}],"about":[{"href":"https:\/\/julielapsy.fr\/index.php\/wp-json\/wp\/v2\/types\/page"}],"author":[{"embeddable":true,"href":"https:\/\/julielapsy.fr\/index.php\/wp-json\/wp\/v2\/users\/1"}],"replies":[{"embeddable":true,"href":"https:\/\/julielapsy.fr\/index.php\/wp-json\/wp\/v2\/comments?post=269"}],"version-history":[{"count":1,"href":"https:\/\/julielapsy.fr\/index.php\/wp-json\/wp\/v2\/pages\/269\/revisions"}],"predecessor-version":[{"id":270,"href":"https:\/\/julielapsy.fr\/index.php\/wp-json\/wp\/v2\/pages\/269\/revisions\/270"}],"wp:attachment":[{"href":"https:\/\/julielapsy.fr\/index.php\/wp-json\/wp\/v2\/media?parent=269"}],"curies":[{"name":"wp","href":"https:\/\/api.w.org\/{rel}","templated":true}]}}