{"id":36,"date":"2025-09-15T23:18:42","date_gmt":"2025-09-15T23:18:42","guid":{"rendered":"http:\/\/julielapsy.fr\/?page_id=36"},"modified":"2025-12-31T11:54:35","modified_gmt":"2025-12-31T11:54:35","slug":"mentions-legales","status":"publish","type":"page","link":"https:\/\/julielapsy.fr\/index.php\/mentions-legales\/","title":{"rendered":"Mentions l\u00e9gales"},"content":{"rendered":"\n<h3 class=\"wp-block-heading\"><strong>1. \u00c9diteur du site<\/strong><\/h3>\n\n\n\n<p>Nom et pr\u00e9nom : Julie Cozic<\/p>\n\n\n\n<p>Activit\u00e9 : Psychopraticienne&nbsp;<\/p>\n\n\n\n<p>Adresse professionnelle : 1 avenue de Bellevue, 95230 Soisy Sous Montmorency&nbsp;<\/p>\n\n\n\n<p>T\u00e9l\u00e9phone : 0614306907<\/p>\n\n\n\n<p>E-mail : juliecozic95@gmail.com<\/p>\n\n\n\n<p>N\u00b0 SIRET : en attente<\/p>\n\n\n\n<p>Responsable de la publication : Julie Cozic<\/p>\n\n\n\n<hr class=\"wp-block-separator has-alpha-channel-opacity\"\/>\n\n\n\n<h3 class=\"wp-block-heading\"><strong>2. H\u00e9bergement du site<\/strong><\/h3>\n\n\n\n<p>Le site est h\u00e9berg\u00e9 par : SAS OVH<\/p>\n\n\n\n<p>Adresse de l\u2019h\u00e9bergeur : <br>Soci\u00e9t\u00e9 par actions simplifi\u00e9e au capital de 50 000 000 Euros<br>Adresse du si\u00e8ge social : 2 rue Kellermann &#8211; 59100 Roubaix (France)<br>Num\u00e9ro d&rsquo;identification au registre du commerce et des soci\u00e9t\u00e9s de Lille M\u00e9tropole : 424 761 419<br>Num\u00e9ro d&rsquo;identification SIRET : 424 761 419 00045<br>Num\u00e9ro de TVA intracommunautaire : FR 22 424 761 419<br>Num\u00e9ro de t\u00e9l\u00e9phone : 09 72 10 12 00<br>Email\/Contact : https:\/\/www.ovh.com\/fr\/support\/nous-contacter\/<br>Site internet : www.ovh.com<\/p>\n\n\n\n<hr class=\"wp-block-separator has-alpha-channel-opacity\"\/>\n\n\n\n<h3 class=\"wp-block-heading\"><strong>3. Propri\u00e9t\u00e9 intellectuelle<\/strong><\/h3>\n\n\n\n<p>L\u2019ensemble des contenus pr\u00e9sents sur ce site (textes, images, graphismes, logo\u2026) est la propri\u00e9t\u00e9 exclusive de Julie Cozic, sauf mention contraire.<\/p>\n\n\n\n<p>Toute reproduction, distribution ou exploitation sans autorisation \u00e9crite pr\u00e9alable est strictement interdite.<\/p>\n\n\n\n<hr class=\"wp-block-separator has-alpha-channel-opacity\"\/>\n\n\n\n<h3 class=\"wp-block-heading\"><strong>4. Donn\u00e9es personnelles<\/strong><\/h3>\n\n\n\n<p>Conform\u00e9ment au R\u00e8glement G\u00e9n\u00e9ral sur la Protection des Donn\u00e9es (RGPD), les informations recueillies via ce site (formulaire de contact, prise de rendez-vous, etc.) sont strictement confidentielles et destin\u00e9es uniquement \u00e0 r\u00e9pondre aux demandes des utilisateurs.<\/p>\n\n\n\n<p>Vous disposez d\u2019un droit d\u2019acc\u00e8s, de rectification et de suppression de vos donn\u00e9es personnelles en me contactant \u00e0 l\u2019adresse suivante : juliecozic95@gmail.com<\/p>\n\n\n\n<p>Aucune donn\u00e9e personnelle n\u2019est c\u00e9d\u00e9e \u00e0 des tiers sans votre consentement.<\/p>\n\n\n\n<hr class=\"wp-block-separator has-alpha-channel-opacity\"\/>\n\n\n\n<h3 class=\"wp-block-heading\"><strong>5. Limitation de responsabilit\u00e9<\/strong><\/h3>\n\n\n\n<p>Les informations fournies sur ce site ont un but purement informatif et ne remplacent en aucun cas une consultation m\u00e9dicale ou psychologique individualis\u00e9e.<\/p>\n\n\n\n<p>Julie Cozic ne pourra \u00eatre tenue responsable d\u2019un mauvais usage des informations pr\u00e9sentes sur ce site.<\/p>\n\n\n\n<hr class=\"wp-block-separator has-alpha-channel-opacity\"\/>\n\n\n\n<h3 class=\"wp-block-heading\"><strong>6. M\u00e9diation en cas de litige<\/strong><\/h3>\n\n\n\n<p>Conform\u00e9ment aux articles L.616-1 et R.616-1 du Code de la consommation, vous avez la possibilit\u00e9 de recourir \u00e0 un service de m\u00e9diation en cas de litige.<\/p>\n\n\n\n<p>Nom du m\u00e9diateur : [\u00c0 pr\u00e9ciser \u2013 ex. CNPM M\u00e9diation Consommation ou autre organisme agr\u00e9\u00e9]<\/p>\n\n\n\n<p>Site internet : [adresse du m\u00e9diateur]<\/p>\n\n\n\n<hr class=\"wp-block-separator has-alpha-channel-opacity\"\/>\n\n\n\n<h3 class=\"wp-block-heading\"><strong>7. Cr\u00e9dits<\/strong><\/h3>\n\n\n\n<p>Cr\u00e9dits photo : AdobeStock<br>Design et d\u00e9veloppement : M\u00e9lanie Gu\u00e9rin<\/p>\n","protected":false},"excerpt":{"rendered":"<p>1. \u00c9diteur du site Nom et pr\u00e9nom : Julie Cozic Activit\u00e9 : Psychopraticienne&nbsp; Adresse professionnelle : 1 avenue de Bellevue, [&hellip;]<\/p>\n","protected":false},"author":1,"featured_media":0,"parent":0,"menu_order":0,"comment_status":"closed","ping_status":"closed","template":"","meta":{"site-sidebar-layout":"default","site-content-layout":"","ast-site-content-layout":"default","site-content-style":"default","site-sidebar-style":"default","ast-global-header-display":"","ast-banner-title-visibility":"","ast-main-header-display":"","ast-hfb-above-header-display":"","ast-hfb-below-header-display":"","ast-hfb-mobile-header-display":"","site-post-title":"","ast-breadcrumbs-content":"","ast-featured-img":"","footer-sml-layout":"","theme-transparent-header-meta":"","adv-header-id-meta":"","stick-header-meta":"","header-above-stick-meta":"","header-main-stick-meta":"","header-below-stick-meta":"","astra-migrate-meta-layouts":"default","ast-page-background-enabled":"default","ast-page-background-meta":{"desktop":{"background-color":"var(--ast-global-color-5)","background-image":"","background-repeat":"repeat","background-position":"center center","background-size":"auto","background-attachment":"scroll","background-type":"","background-media":"","overlay-type":"","overlay-color":"","overlay-opacity":"","overlay-gradient":""},"tablet":{"background-color":"","background-image":"","background-repeat":"repeat","background-position":"center center","background-size":"auto","background-attachment":"scroll","background-type":"","background-media":"","overlay-type":"","overlay-color":"","overlay-opacity":"","overlay-gradient":""},"mobile":{"background-color":"","background-image":"","background-repeat":"repeat","background-position":"center center","background-size":"auto","background-attachment":"scroll","background-type":"","background-media":"","overlay-type":"","overlay-color":"","overlay-opacity":"","overlay-gradient":""}},"ast-content-background-meta":{"desktop":{"background-color":"var(--ast-global-color-4)","background-image":"","background-repeat":"repeat","background-position":"center center","background-size":"auto","background-attachment":"scroll","background-type":"","background-media":"","overlay-type":"","overlay-color":"","overlay-opacity":"","overlay-gradient":""},"tablet":{"background-color":"var(--ast-global-color-4)","background-image":"","background-repeat":"repeat","background-position":"center center","background-size":"auto","background-attachment":"scroll","background-type":"","background-media":"","overlay-type":"","overlay-color":"","overlay-opacity":"","overlay-gradient":""},"mobile":{"background-color":"var(--ast-global-color-4)","background-image":"","background-repeat":"repeat","background-position":"center center","background-size":"auto","background-attachment":"scroll","background-type":"","background-media":"","overlay-type":"","overlay-color":"","overlay-opacity":"","overlay-gradient":""}},"footnotes":""},"class_list":["post-36","page","type-page","status-publish","hentry"],"_links":{"self":[{"href":"https:\/\/julielapsy.fr\/index.php\/wp-json\/wp\/v2\/pages\/36","targetHints":{"allow":["GET"]}}],"collection":[{"href":"https:\/\/julielapsy.fr\/index.php\/wp-json\/wp\/v2\/pages"}],"about":[{"href":"https:\/\/julielapsy.fr\/index.php\/wp-json\/wp\/v2\/types\/page"}],"author":[{"embeddable":true,"href":"https:\/\/julielapsy.fr\/index.php\/wp-json\/wp\/v2\/users\/1"}],"replies":[{"embeddable":true,"href":"https:\/\/julielapsy.fr\/index.php\/wp-json\/wp\/v2\/comments?post=36"}],"version-history":[{"count":2,"href":"https:\/\/julielapsy.fr\/index.php\/wp-json\/wp\/v2\/pages\/36\/revisions"}],"predecessor-version":[{"id":331,"href":"https:\/\/julielapsy.fr\/index.php\/wp-json\/wp\/v2\/pages\/36\/revisions\/331"}],"wp:attachment":[{"href":"https:\/\/julielapsy.fr\/index.php\/wp-json\/wp\/v2\/media?parent=36"}],"curies":[{"name":"wp","href":"https:\/\/api.w.org\/{rel}","templated":true}]}}