{"id":57,"date":"2025-09-15T23:45:49","date_gmt":"2025-09-15T23:45:49","guid":{"rendered":"http:\/\/julielapsy.fr\/?page_id=57"},"modified":"2025-09-15T23:45:49","modified_gmt":"2025-09-15T23:45:49","slug":"pourquoi-consulter-un-therapeute","status":"publish","type":"page","link":"https:\/\/julielapsy.fr\/index.php\/pourquoi-consulter-un-therapeute\/","title":{"rendered":"Pourquoi consulter un th\u00e9rapeute ?"},"content":{"rendered":"\n<p>Il est souvent difficile de franchir le pas, d\u2019aller consulter \u00ab quelqu\u2019un \u00bb.<br>Beaucoup y sont r\u00e9ticents\u2026 jusqu\u2019au jour o\u00f9 le besoin \u00e9merge vraiment.<\/p>\n\n\n\n<p>Mais pourquoi aller voir un th\u00e9rapeute \u00ab juste \u00bb pour parler ?<br>Parce que <strong>parler, c\u2019est d\u00e9j\u00e0 commencer \u00e0 transformer<\/strong>.<\/p>\n\n\n\n<p>La psychoth\u00e9rapie offre \u00e0 toutes les personnes abim\u00e9es par les \u00e9preuves, une chance de se reconstruire et d&rsquo;\u00eatre heureux.<\/p>\n\n\n\n<p>Elle offre aussi \u00e0 chacun la possibilit\u00e9 de se d\u00e9couvrir ou de mieux se connaitre pour mettre en congruence nos d\u00e9sirs avec nos actions.&nbsp;<\/p>\n\n\n\n<p>Ce que certains jugent comme de \u00ab petits tracas \u00bb peut devenir un v\u00e9ritable fardeau :<\/p>\n\n\n\n<ul class=\"wp-block-list\">\n<li><strong>Ressassements incessants, pens\u00e9es envahissantes<\/strong>,<\/li>\n\n\n\n<li><strong>Anxi\u00e9t\u00e9, irritabilit\u00e9, stress, \u00e9puisement<\/strong>,<\/li>\n\n\n\n<li><strong>Addictions, troubles du comportement ou du sommeil<\/strong>,<\/li>\n\n\n\n<li><strong>Le sentiment de ne pas se r\u00e9aliser pleinement en tant que personne ou une recherche personnelle, de qu\u00eate de sens, d\u2019ouverture de conscience,<\/strong><\/li>\n\n\n\n<li><strong>Sympt\u00f4mes d\u00e9pressifs<\/strong> ou <strong>douleurs physiques inexpliqu\u00e9es, etc.<\/strong><\/li>\n<\/ul>\n\n\n\n<h2 class=\"wp-block-heading\">Des \u00e9preuves qui bouleversent<\/h2>\n\n\n\n<p>Certaines p\u00e9riodes de vie mettent \u00e0 rude \u00e9preuve notre \u00e9quilibre int\u00e9rieur :<\/p>\n\n\n\n<ul class=\"wp-block-list\">\n<li>la perte d\u2019un proche (deuil),<\/li>\n\n\n\n<li>une s\u00e9paration ou un divorce,<\/li>\n\n\n\n<li>un licenciement, le d\u00e9part \u00e0 la retraite<\/li>\n\n\n\n<li>des relations envahissantes ou toxiques,<\/li>\n\n\n\n<li>des difficult\u00e9s d\u2019\u00e9ducation avec ses enfants,<\/li>\n\n\n\n<li>des tensions au sein du couple, de la famille<\/li>\n\n\n\n<li>la maladie, qu\u2019elle soit personnelle ou celle d\u2019un proche.<\/li>\n<\/ul>\n\n\n\n<p>Ces situations fragilisent, g\u00e9n\u00e8rent souvent un sentiment d\u2019impuissance, et peuvent entra\u00eener un profond mal-\u00eatre si elles ne sont pas accompagn\u00e9es.<br>Nous portons tous des blessures invisibles.<\/p>\n\n\n\n<p>Il n\u2019y a pas de \u00ab bon moment \u00bb pour consulter, mais un moment o\u00f9 <strong>la souffrance s\u2019installe<\/strong>, lentement ou brutalement. On pense souvent pouvoir s\u2019en sortir seul\u2026 mais parfois, <strong>demander de l\u2019aide est n\u00e9cessaire<\/strong>.<\/p>\n\n\n\n<p>&nbsp;\ud83d\udc49 <strong>Savoir le faire, saisir une main tendue, c\u2019est d\u00e9j\u00e0 faire un premier pas vers un mieux-\u00eatre.<\/strong><\/p>\n","protected":false},"excerpt":{"rendered":"<p>Il est souvent difficile de franchir le pas, d\u2019aller consulter \u00ab quelqu\u2019un \u00bb.Beaucoup y sont r\u00e9ticents\u2026 jusqu\u2019au jour o\u00f9 le [&hellip;]<\/p>\n","protected":false},"author":1,"featured_media":0,"parent":0,"menu_order":0,"comment_status":"closed","ping_status":"closed","template":"","meta":{"site-sidebar-layout":"default","site-content-layout":"","ast-site-content-layout":"default","site-content-style":"default","site-sidebar-style":"default","ast-global-header-display":"","ast-banner-title-visibility":"","ast-main-header-display":"","ast-hfb-above-header-display":"","ast-hfb-below-header-display":"","ast-hfb-mobile-header-display":"","site-post-title":"","ast-breadcrumbs-content":"","ast-featured-img":"","footer-sml-layout":"","theme-transparent-header-meta":"","adv-header-id-meta":"","stick-header-meta":"","header-above-stick-meta":"","header-main-stick-meta":"","header-below-stick-meta":"","astra-migrate-meta-layouts":"default","ast-page-background-enabled":"default","ast-page-background-meta":{"desktop":{"background-color":"var(--ast-global-color-5)","background-image":"","background-repeat":"repeat","background-position":"center center","background-size":"auto","background-attachment":"scroll","background-type":"","background-media":"","overlay-type":"","overlay-color":"","overlay-opacity":"","overlay-gradient":""},"tablet":{"background-color":"","background-image":"","background-repeat":"repeat","background-position":"center center","background-size":"auto","background-attachment":"scroll","background-type":"","background-media":"","overlay-type":"","overlay-color":"","overlay-opacity":"","overlay-gradient":""},"mobile":{"background-color":"","background-image":"","background-repeat":"repeat","background-position":"center center","background-size":"auto","background-attachment":"scroll","background-type":"","background-media":"","overlay-type":"","overlay-color":"","overlay-opacity":"","overlay-gradient":""}},"ast-content-background-meta":{"desktop":{"background-color":"var(--ast-global-color-4)","background-image":"","background-repeat":"repeat","background-position":"center center","background-size":"auto","background-attachment":"scroll","background-type":"","background-media":"","overlay-type":"","overlay-color":"","overlay-opacity":"","overlay-gradient":""},"tablet":{"background-color":"var(--ast-global-color-4)","background-image":"","background-repeat":"repeat","background-position":"center center","background-size":"auto","background-attachment":"scroll","background-type":"","background-media":"","overlay-type":"","overlay-color":"","overlay-opacity":"","overlay-gradient":""},"mobile":{"background-color":"var(--ast-global-color-4)","background-image":"","background-repeat":"repeat","background-position":"center center","background-size":"auto","background-attachment":"scroll","background-type":"","background-media":"","overlay-type":"","overlay-color":"","overlay-opacity":"","overlay-gradient":""}},"footnotes":""},"class_list":["post-57","page","type-page","status-publish","hentry"],"_links":{"self":[{"href":"https:\/\/julielapsy.fr\/index.php\/wp-json\/wp\/v2\/pages\/57","targetHints":{"allow":["GET"]}}],"collection":[{"href":"https:\/\/julielapsy.fr\/index.php\/wp-json\/wp\/v2\/pages"}],"about":[{"href":"https:\/\/julielapsy.fr\/index.php\/wp-json\/wp\/v2\/types\/page"}],"author":[{"embeddable":true,"href":"https:\/\/julielapsy.fr\/index.php\/wp-json\/wp\/v2\/users\/1"}],"replies":[{"embeddable":true,"href":"https:\/\/julielapsy.fr\/index.php\/wp-json\/wp\/v2\/comments?post=57"}],"version-history":[{"count":1,"href":"https:\/\/julielapsy.fr\/index.php\/wp-json\/wp\/v2\/pages\/57\/revisions"}],"predecessor-version":[{"id":58,"href":"https:\/\/julielapsy.fr\/index.php\/wp-json\/wp\/v2\/pages\/57\/revisions\/58"}],"wp:attachment":[{"href":"https:\/\/julielapsy.fr\/index.php\/wp-json\/wp\/v2\/media?parent=57"}],"curies":[{"name":"wp","href":"https:\/\/api.w.org\/{rel}","templated":true}]}}