{"id":59,"date":"2025-09-15T23:46:16","date_gmt":"2025-09-15T23:46:16","guid":{"rendered":"http:\/\/julielapsy.fr\/?page_id=59"},"modified":"2025-11-23T14:52:03","modified_gmt":"2025-11-23T14:52:03","slug":"soigner-le-corps-et-lesprit","status":"publish","type":"page","link":"https:\/\/julielapsy.fr\/index.php\/soigner-le-corps-et-lesprit\/","title":{"rendered":"Soigner le corps et l\u2019esprit"},"content":{"rendered":"\n<p>Aujourd\u2019hui, nous savons que le <strong>corps et le psychisme sont profond\u00e9ment li\u00e9s<\/strong>. Nos \u00e9motions, nos pens\u00e9es et notre v\u00e9cu influencent directement notre physiologie. Par exemple, les diff\u00e9rents <strong>troubles psychologiques<\/strong>, qu\u2019ils soient l\u00e9gers ou plus lourds, peuvent <strong>modifier notre production hormonale<\/strong> : le cortisol, hormone du stress, peut s\u2019\u00e9lever, perturbant sommeil, concentration et r\u00e9gulation de l\u2019app\u00e9tit, tandis que la dopamine et la s\u00e9rotonine, li\u00e9es \u00e0 la motivation, au plaisir et au bien-\u00eatre, peuvent diminuer. Ces d\u00e9s\u00e9quilibres hormonaux se traduisent concr\u00e8tement par des tensions musculaires, des douleurs, de la fatigue, des troubles digestifs, des comportements perturb\u00e9s\u2026<br>\u00c0 l\u2019inverse, un corps en mouvement, un <strong>sommeil r\u00e9gulier et une hygi\u00e8ne de vie coh\u00e9rente<\/strong> participent \u00e0 la r\u00e9gulation hormonale et soutiennent notre \u00e9quilibre mental.<\/p>\n\n\n\n<p>Nous savons prendre soin de notre corps. Une douleur au dos, une articulation bloqu\u00e9e, un probl\u00e8me cardiaque\u2026 Il nous para\u00eet naturel de consulter un m\u00e9decin, de passer des examens et de suivre un traitement ou une r\u00e9\u00e9ducation avec un kin\u00e9. Mais quand notre <strong>psychisme est mis \u00e0 mal<\/strong>, nous h\u00e9sitons souvent, comme si nos pens\u00e9es et nos \u00e9motions devaient se d\u00e9brouiller seules. Pourtant, le <strong>mal-\u00eatre psychique se manifeste souvent \u00e0 travers le corps et nos comportements<\/strong> : irritabilit\u00e9, fatigue chronique, insomnies, tensions musculaires, baisse de motivation, comportements perturb\u00e9s ou isolement social etc. Ces <strong>signaux sont autant d\u2019alertes pr\u00e9cieuses<\/strong>, souvent ignor\u00e9es, qui indiquent que notre \u00e9quilibre mental r\u00e9clame attention et soin.<\/p>\n\n\n\n<p>La <strong>psychoth\u00e9rapie joue un r\u00f4le important<\/strong>. Elle permet d\u2019identifier ces d\u00e9s\u00e9quilibres, d\u2019en comprendre les racines, souvent li\u00e9es \u00e0 l\u2019histoire personnelle, \u00e0 des traumatismes ou \u00e0 des m\u00e9canismes inconscients, et d\u2019<strong>apprendre \u00e0 y r\u00e9pondre de mani\u00e8re durable<\/strong>. En travaillant sur notre psychisme, nous<strong> agissons directement sur notre physiologie\u202f<\/strong>: le stress diminue, la r\u00e9gulation hormonale se r\u00e9tablit, les tensions corporelles s\u2019att\u00e9nuent, et nos comportements deviennent plus adapt\u00e9s. Pour tous les troubles, des plus l\u00e9gers aux plus complexes, la psychoth\u00e9rapie est souvent le <strong>point de d\u00e9part d\u2019un r\u00e9tablissement durable<\/strong>, en compl\u00e9ment de la prise en charge m\u00e9dicale si n\u00e9cessaire.<\/p>\n\n\n\n<p><strong>Prendre soin de son esprit, c\u2019est \u00e9galement prendre soin de son corps<\/strong>, car chaque pens\u00e9e apais\u00e9e, chaque \u00e9motion comprise contribue \u00e0 un \u00e9quilibre physiologique global.<\/p>\n\n\n\n<p>En somme, <strong>notre sant\u00e9 m\u00e9rite une vision holistique<\/strong> : reconna\u00eetre que <strong>corps et esprit sont deux faces d\u2019une m\u00eame pi\u00e8ce<\/strong>. Prendre soin de soi, c\u2019est nourrir cette unit\u00e9. Cultiver son \u00e9quilibre psychique n\u2019est pas un luxe, mais une n\u00e9cessit\u00e9, au m\u00eame titre que l\u2019exercice physique, la nutrition ou le sommeil. C\u2019est un <strong>investissement dans notre bien-\u00eatre global<\/strong>, qui nous rend plus forts, plus sereins, et plus disponibles pour nous-m\u00eames et pour les autres.<\/p>\n\n\n\n<p><\/p>\n\n\n\n<figure class=\"wp-block-image aligncenter size-full\"><img loading=\"lazy\" decoding=\"async\" width=\"300\" height=\"200\" src=\"http:\/\/julielapsy.fr\/wp-content\/uploads\/2025\/11\/soigner-corps-esprit.jpg\" alt=\"\" class=\"wp-image-252\"\/><\/figure>\n","protected":false},"excerpt":{"rendered":"<p>Aujourd\u2019hui, nous savons que le corps et le psychisme sont profond\u00e9ment li\u00e9s. Nos \u00e9motions, nos pens\u00e9es et notre v\u00e9cu influencent [&hellip;]<\/p>\n","protected":false},"author":1,"featured_media":0,"parent":0,"menu_order":0,"comment_status":"closed","ping_status":"closed","template":"","meta":{"site-sidebar-layout":"default","site-content-layout":"","ast-site-content-layout":"default","site-content-style":"default","site-sidebar-style":"default","ast-global-header-display":"","ast-banner-title-visibility":"","ast-main-header-display":"","ast-hfb-above-header-display":"","ast-hfb-below-header-display":"","ast-hfb-mobile-header-display":"","site-post-title":"","ast-breadcrumbs-content":"","ast-featured-img":"","footer-sml-layout":"","theme-transparent-header-meta":"","adv-header-id-meta":"","stick-header-meta":"","header-above-stick-meta":"","header-main-stick-meta":"","header-below-stick-meta":"","astra-migrate-meta-layouts":"default","ast-page-background-enabled":"default","ast-page-background-meta":{"desktop":{"background-color":"var(--ast-global-color-5)","background-image":"","background-repeat":"repeat","background-position":"center center","background-size":"auto","background-attachment":"scroll","background-type":"","background-media":"","overlay-type":"","overlay-color":"","overlay-opacity":"","overlay-gradient":""},"tablet":{"background-color":"","background-image":"","background-repeat":"repeat","background-position":"center center","background-size":"auto","background-attachment":"scroll","background-type":"","background-media":"","overlay-type":"","overlay-color":"","overlay-opacity":"","overlay-gradient":""},"mobile":{"background-color":"","background-image":"","background-repeat":"repeat","background-position":"center center","background-size":"auto","background-attachment":"scroll","background-type":"","background-media":"","overlay-type":"","overlay-color":"","overlay-opacity":"","overlay-gradient":""}},"ast-content-background-meta":{"desktop":{"background-color":"var(--ast-global-color-4)","background-image":"","background-repeat":"repeat","background-position":"center center","background-size":"auto","background-attachment":"scroll","background-type":"","background-media":"","overlay-type":"","overlay-color":"","overlay-opacity":"","overlay-gradient":""},"tablet":{"background-color":"var(--ast-global-color-4)","background-image":"","background-repeat":"repeat","background-position":"center center","background-size":"auto","background-attachment":"scroll","background-type":"","background-media":"","overlay-type":"","overlay-color":"","overlay-opacity":"","overlay-gradient":""},"mobile":{"background-color":"var(--ast-global-color-4)","background-image":"","background-repeat":"repeat","background-position":"center center","background-size":"auto","background-attachment":"scroll","background-type":"","background-media":"","overlay-type":"","overlay-color":"","overlay-opacity":"","overlay-gradient":""}},"footnotes":""},"class_list":["post-59","page","type-page","status-publish","hentry"],"_links":{"self":[{"href":"https:\/\/julielapsy.fr\/index.php\/wp-json\/wp\/v2\/pages\/59","targetHints":{"allow":["GET"]}}],"collection":[{"href":"https:\/\/julielapsy.fr\/index.php\/wp-json\/wp\/v2\/pages"}],"about":[{"href":"https:\/\/julielapsy.fr\/index.php\/wp-json\/wp\/v2\/types\/page"}],"author":[{"embeddable":true,"href":"https:\/\/julielapsy.fr\/index.php\/wp-json\/wp\/v2\/users\/1"}],"replies":[{"embeddable":true,"href":"https:\/\/julielapsy.fr\/index.php\/wp-json\/wp\/v2\/comments?post=59"}],"version-history":[{"count":4,"href":"https:\/\/julielapsy.fr\/index.php\/wp-json\/wp\/v2\/pages\/59\/revisions"}],"predecessor-version":[{"id":254,"href":"https:\/\/julielapsy.fr\/index.php\/wp-json\/wp\/v2\/pages\/59\/revisions\/254"}],"wp:attachment":[{"href":"https:\/\/julielapsy.fr\/index.php\/wp-json\/wp\/v2\/media?parent=59"}],"curies":[{"name":"wp","href":"https:\/\/api.w.org\/{rel}","templated":true}]}}