{"id":61,"date":"2025-09-15T23:46:55","date_gmt":"2025-09-15T23:46:55","guid":{"rendered":"http:\/\/julielapsy.fr\/?page_id=61"},"modified":"2025-09-15T23:46:55","modified_gmt":"2025-09-15T23:46:55","slug":"ce-que-je-vous-propose","status":"publish","type":"page","link":"https:\/\/julielapsy.fr\/index.php\/ce-que-je-vous-propose\/","title":{"rendered":"Ce que je vous propose"},"content":{"rendered":"\n<p>Je vous accueille dans un <strong>espace d\u2019\u00e9change bienveillant et sans jugement<\/strong>, o\u00f9 vous pourrez vous exprimer librement.<\/p>\n\n\n\n<p>Un temps pour vous :<\/p>\n\n\n\n<ul class=\"wp-block-list\">\n<li><strong>Poser des mots sur vos maux<\/strong>,<\/li>\n\n\n\n<li><strong>Comprendre votre histoire<\/strong>,<\/li>\n\n\n\n<li><strong>Explorer vos sch\u00e9mas de r\u00e9p\u00e9tition<\/strong>,<\/li>\n\n\n\n<li><strong>Changer de regard sur vous.<\/strong><\/li>\n<\/ul>\n\n\n\n<p>Si l\u2019alliance th\u00e9rapeutique fonctionne \u2013 c\u2019est-\u00e0-dire s\u2019il y a une <strong>relation de confiance et un ressenti positif<\/strong> entre nous \u2013, nous pourrons travailler ensemble \u00e0 potentiellement :<\/p>\n\n\n\n<ul class=\"wp-block-list\">\n<li><strong>Identifier ce qui vous fait souffrir<\/strong>,<\/li>\n\n\n\n<li><strong>Mieux comprendre et apprendre \u00e0 vivre avec qui vous \u00eates aujourd\u2019hui<\/strong>,<\/li>\n\n\n\n<li><strong>Explorer si n\u00e9cessaire ce que vous avez travers\u00e9 hier<\/strong>,<\/li>\n\n\n\n<li><strong>Envisager qui vous souhaitez devenir demain<\/strong>.<\/li>\n<\/ul>\n\n\n\n<p>Souvent, <strong>il est plus facile de se confier, se d\u00e9voiler \u00e0 un inconnu<\/strong>. C\u2019est l\u00e0 toute la force du cadre th\u00e9rapeutique.&nbsp;<\/p>\n\n\n\n<p>Mon approche de la psychoth\u00e9rapie combine plusieurs m\u00e9thodes, comme l\u2019analyse transactionnelle, pour vous aider \u00e0 mieux comprendre vos \u00e9motions, mieux g\u00e9rer les interactions relationnelles.&nbsp;<\/p>\n\n\n\n<p>En th\u00e9rapie, nous explorons ce qui vous p\u00e8se aujourd\u2019hui : comment le pass\u00e9 peut encore influencer vos ressentis et vos choix, et surtout comment avancer vers un pr\u00e9sent plus apais\u00e9 avec des solutions concr\u00e8tes et adapt\u00e9es en s\u2019appuyant sur vos ressources internes.<\/p>\n\n\n\n<p>Je vous aide \u00e0 remettre du mouvement l\u00e0 o\u00f9 \u00e7a bloque, \u00e0 r\u00e9apprendre \u00e0 respirer, \u00e0 ressentir, \u00e0 choisir ce qui vous correspond vraiment.<\/p>\n","protected":false},"excerpt":{"rendered":"<p>Je vous accueille dans un espace d\u2019\u00e9change bienveillant et sans jugement, o\u00f9 vous pourrez vous exprimer librement. Un temps pour [&hellip;]<\/p>\n","protected":false},"author":1,"featured_media":0,"parent":0,"menu_order":0,"comment_status":"closed","ping_status":"closed","template":"","meta":{"site-sidebar-layout":"default","site-content-layout":"","ast-site-content-layout":"default","site-content-style":"default","site-sidebar-style":"default","ast-global-header-display":"","ast-banner-title-visibility":"","ast-main-header-display":"","ast-hfb-above-header-display":"","ast-hfb-below-header-display":"","ast-hfb-mobile-header-display":"","site-post-title":"","ast-breadcrumbs-content":"","ast-featured-img":"","footer-sml-layout":"","theme-transparent-header-meta":"","adv-header-id-meta":"","stick-header-meta":"","header-above-stick-meta":"","header-main-stick-meta":"","header-below-stick-meta":"","astra-migrate-meta-layouts":"default","ast-page-background-enabled":"default","ast-page-background-meta":{"desktop":{"background-color":"var(--ast-global-color-5)","background-image":"","background-repeat":"repeat","background-position":"center center","background-size":"auto","background-attachment":"scroll","background-type":"","background-media":"","overlay-type":"","overlay-color":"","overlay-opacity":"","overlay-gradient":""},"tablet":{"background-color":"","background-image":"","background-repeat":"repeat","background-position":"center center","background-size":"auto","background-attachment":"scroll","background-type":"","background-media":"","overlay-type":"","overlay-color":"","overlay-opacity":"","overlay-gradient":""},"mobile":{"background-color":"","background-image":"","background-repeat":"repeat","background-position":"center center","background-size":"auto","background-attachment":"scroll","background-type":"","background-media":"","overlay-type":"","overlay-color":"","overlay-opacity":"","overlay-gradient":""}},"ast-content-background-meta":{"desktop":{"background-color":"var(--ast-global-color-4)","background-image":"","background-repeat":"repeat","background-position":"center center","background-size":"auto","background-attachment":"scroll","background-type":"","background-media":"","overlay-type":"","overlay-color":"","overlay-opacity":"","overlay-gradient":""},"tablet":{"background-color":"var(--ast-global-color-4)","background-image":"","background-repeat":"repeat","background-position":"center center","background-size":"auto","background-attachment":"scroll","background-type":"","background-media":"","overlay-type":"","overlay-color":"","overlay-opacity":"","overlay-gradient":""},"mobile":{"background-color":"var(--ast-global-color-4)","background-image":"","background-repeat":"repeat","background-position":"center center","background-size":"auto","background-attachment":"scroll","background-type":"","background-media":"","overlay-type":"","overlay-color":"","overlay-opacity":"","overlay-gradient":""}},"footnotes":""},"class_list":["post-61","page","type-page","status-publish","hentry"],"_links":{"self":[{"href":"https:\/\/julielapsy.fr\/index.php\/wp-json\/wp\/v2\/pages\/61","targetHints":{"allow":["GET"]}}],"collection":[{"href":"https:\/\/julielapsy.fr\/index.php\/wp-json\/wp\/v2\/pages"}],"about":[{"href":"https:\/\/julielapsy.fr\/index.php\/wp-json\/wp\/v2\/types\/page"}],"author":[{"embeddable":true,"href":"https:\/\/julielapsy.fr\/index.php\/wp-json\/wp\/v2\/users\/1"}],"replies":[{"embeddable":true,"href":"https:\/\/julielapsy.fr\/index.php\/wp-json\/wp\/v2\/comments?post=61"}],"version-history":[{"count":1,"href":"https:\/\/julielapsy.fr\/index.php\/wp-json\/wp\/v2\/pages\/61\/revisions"}],"predecessor-version":[{"id":62,"href":"https:\/\/julielapsy.fr\/index.php\/wp-json\/wp\/v2\/pages\/61\/revisions\/62"}],"wp:attachment":[{"href":"https:\/\/julielapsy.fr\/index.php\/wp-json\/wp\/v2\/media?parent=61"}],"curies":[{"name":"wp","href":"https:\/\/api.w.org\/{rel}","templated":true}]}}