{"id":70,"date":"2025-09-15T23:53:24","date_gmt":"2025-09-15T23:53:24","guid":{"rendered":"http:\/\/julielapsy.fr\/?page_id=70"},"modified":"2025-12-31T13:09:19","modified_gmt":"2025-12-31T13:09:19","slug":"contact-et-rendez-vous","status":"publish","type":"page","link":"https:\/\/julielapsy.fr\/index.php\/contact-et-rendez-vous\/","title":{"rendered":"Infos pratiques"},"content":{"rendered":"\n<div class=\"wp-block-columns is-layout-flex wp-container-core-columns-is-layout-28f84493 wp-block-columns-is-layout-flex\">\n<div class=\"wp-block-column is-layout-flow wp-block-column-is-layout-flow\" style=\"flex-basis:50%\">\n<p>\ud83d\udccd&nbsp;<strong>Julie Cozic \u2013 Psychopraticienne<\/strong><br>Avenue de Bellevue \u2013 95230<strong> <\/strong>Soisy-sous-Montmorency (Val-d\u2019Oise)<\/p>\n\n\n\n<p>\ud83d\udcde <strong>06 14 30 69 07<\/strong><br><strong>\ud83d\udce7 juliecozic95@gmail.com<\/strong><br>\ud83d\udc49 Prise de rendez-vous par t\u00e9l\u00e9phone, apr\u00e8s un premier \u00e9change.<\/p>\n\n\n\n<figure class=\"wp-block-image size-large is-resized\"><img loading=\"lazy\" decoding=\"async\" width=\"691\" height=\"1024\" src=\"http:\/\/julielapsy.fr\/wp-content\/uploads\/2025\/11\/plan-cabinet-psychopraticien-691x1024.jpg\" alt=\"\" class=\"wp-image-276\" style=\"width:310px;height:auto\" srcset=\"https:\/\/julielapsy.fr\/wp-content\/uploads\/2025\/11\/plan-cabinet-psychopraticien-691x1024.jpg 691w, https:\/\/julielapsy.fr\/wp-content\/uploads\/2025\/11\/plan-cabinet-psychopraticien-203x300.jpg 203w, https:\/\/julielapsy.fr\/wp-content\/uploads\/2025\/11\/plan-cabinet-psychopraticien-768x1137.jpg 768w, https:\/\/julielapsy.fr\/wp-content\/uploads\/2025\/11\/plan-cabinet-psychopraticien-1037x1536.jpg 1037w, https:\/\/julielapsy.fr\/wp-content\/uploads\/2025\/11\/plan-cabinet-psychopraticien.jpg 1179w\" sizes=\"auto, (max-width: 691px) 100vw, 691px\" \/><figcaption class=\"wp-element-caption\">Plan d&rsquo;acc\u00e8s<\/figcaption><\/figure>\n<\/div>\n\n\n\n<div class=\"wp-block-column is-layout-flow wp-block-column-is-layout-flow\" style=\"flex-basis:50%\">\n<p><\/p>\n\n\n\n<iframe src=\"https:\/\/www.google.com\/maps\/embed?pb=!1m18!1m12!1m3!1d654.6166067298212!2d2.301044369639806!3d48.982680598209306!2m3!1f0!2f0!3f0!3m2!1i1024!2i768!4f13.1!3m3!1m2!1s0x47e668638475bb99%3A0x2354bdd5a018810c!2s1%20Av.%20de%20Bellevue%2C%2095230%20Soisy-sous-Montmorency!5e0!3m2!1sfr!2sfr!4v1763911048202!5m2!1sfr!2sfr\" width=\"600\" height=\"450\" style=\"border:0;\" allowfullscreen=\"\" loading=\"lazy\" referrerpolicy=\"no-referrer-when-downgrade\"><\/iframe>\n<\/div>\n<\/div>\n\n\n\n<h2 class=\"wp-block-heading\">Les tarifs<\/h2>\n\n\n\n<ul class=\"wp-block-list\">\n<li>Au cabinet : 50\u20ac la consultation de 45 minutes.<\/li>\n\n\n\n<li>\u00c0 domicile selon possibilit\u00e9 et localisation : 70\u20ac la consultation de 45 minutes.<\/li>\n\n\n\n<li>En Visio : 50\u20ac la consultation de 45 minutes.<\/li>\n<\/ul>\n\n\n<style id=\"wpforms-css-vars-157-block-f43070d0-89aa-4342-90bb-9664ba2235b8\">\n\t\t\t\t#wpforms-157.wpforms-block-f43070d0-89aa-4342-90bb-9664ba2235b8 {\n\t\t\t\t--wpforms-field-size-input-height: 43px;\n--wpforms-field-size-input-spacing: 15px;\n--wpforms-field-size-font-size: 16px;\n--wpforms-field-size-line-height: 19px;\n--wpforms-field-size-padding-h: 14px;\n--wpforms-field-size-checkbox-size: 16px;\n--wpforms-field-size-sublabel-spacing: 5px;\n--wpforms-field-size-icon-size: 1;\n--wpforms-label-size-font-size: 16px;\n--wpforms-label-size-line-height: 19px;\n--wpforms-label-size-sublabel-font-size: 14px;\n--wpforms-label-size-sublabel-line-height: 17px;\n--wpforms-button-size-font-size: 17px;\n--wpforms-button-size-height: 41px;\n--wpforms-button-size-padding-h: 15px;\n--wpforms-button-size-margin-top: 10px;\n\t\t\t}\n\t\t\t<\/style><div class=\"wpforms-container wpforms-container-full wpforms-block wpforms-block-f43070d0-89aa-4342-90bb-9664ba2235b8 wpforms-render-modern\" id=\"wpforms-157\"><form id=\"wpforms-form-157\" class=\"wpforms-validate wpforms-form wpforms-ajax-form\" data-formid=\"157\" method=\"post\" enctype=\"multipart\/form-data\" action=\"\/index.php\/wp-json\/wp\/v2\/pages\/70\" data-token=\"5aa01b9d08ce10f3e4cb497b2694b193\" data-token-time=\"1775574312\"><noscript class=\"wpforms-error-noscript\">Veuillez activer JavaScript dans votre navigateur pour remplir ce formulaire.<\/noscript><div id=\"wpforms-error-noscript\" style=\"display: none;\">Veuillez activer JavaScript dans votre navigateur pour remplir ce formulaire.<\/div><div class=\"wpforms-field-container\">\t\t<div id=\"wpforms-157-field_5-container\"\n\t\t\tclass=\"wpforms-field wpforms-field-text\"\n\t\t\tdata-field-type=\"text\"\n\t\t\tdata-field-id=\"5\"\n\t\t\t>\n\t\t\t<label class=\"wpforms-field-label\" for=\"wpforms-157-field_5\" >E-mail contact de<\/label>\n\t\t\t<input type=\"text\" id=\"wpforms-157-field_5\" class=\"wpforms-field-medium\" name=\"wpforms[fields][5]\" >\n\t\t<\/div>\n\t\t<div id=\"wpforms-157-field_4-container\" class=\"wpforms-field wpforms-field-checkbox\" data-field-id=\"4\"><fieldset><legend class=\"wpforms-field-label\">Formulaire de contact<\/legend><ul id=\"wpforms-157-field_4\"><li class=\"choice-1 depth-1\"><input type=\"checkbox\" id=\"wpforms-157-field_4_1\" name=\"wpforms[fields][4][]\" value=\"Madame\" aria-errormessage=\"wpforms-157-field_4_1-error\"  ><label class=\"wpforms-field-label-inline\" for=\"wpforms-157-field_4_1\">Madame<\/label><\/li><li class=\"choice-2 depth-1\"><input type=\"checkbox\" id=\"wpforms-157-field_4_2\" name=\"wpforms[fields][4][]\" value=\"Monsieur\" aria-errormessage=\"wpforms-157-field_4_2-error\"  ><label class=\"wpforms-field-label-inline\" for=\"wpforms-157-field_4_2\">Monsieur<\/label><\/li><\/ul><\/fieldset><\/div><div id=\"wpforms-157-field_1-container\" class=\"wpforms-field wpforms-field-name\" data-field-id=\"1\"><fieldset><legend class=\"wpforms-field-label\">Nom <span class=\"wpforms-required-label\" aria-hidden=\"true\">*<\/span><\/legend><div class=\"wpforms-field-row wpforms-field-medium\"><div class=\"wpforms-field-row-block wpforms-first wpforms-one-half\"><input type=\"text\" id=\"wpforms-157-field_1\" class=\"wpforms-field-name-first wpforms-field-required\" name=\"wpforms[fields][1][first]\" aria-errormessage=\"wpforms-157-field_1-error\" required><label for=\"wpforms-157-field_1\" class=\"wpforms-field-sublabel after\">Pr\u00e9nom<\/label><\/div><div class=\"wpforms-field-row-block wpforms-one-half\"><input type=\"text\" id=\"wpforms-157-field_1-last\" class=\"wpforms-field-name-last wpforms-field-required\" name=\"wpforms[fields][1][last]\" aria-errormessage=\"wpforms-157-field_1-last-error\" required><label for=\"wpforms-157-field_1-last\" class=\"wpforms-field-sublabel after\">Nom<\/label><\/div><\/div><\/fieldset><\/div><div id=\"wpforms-157-field_2-container\" class=\"wpforms-field wpforms-field-email\" data-field-id=\"2\"><label class=\"wpforms-field-label\" for=\"wpforms-157-field_2\">E-mail <span class=\"wpforms-required-label\" aria-hidden=\"true\">*<\/span><\/label><input type=\"email\" id=\"wpforms-157-field_2\" class=\"wpforms-field-medium wpforms-field-required\" name=\"wpforms[fields][2]\" spellcheck=\"false\" aria-errormessage=\"wpforms-157-field_2-error\" required><\/div><div id=\"wpforms-157-field_3-container\" class=\"wpforms-field wpforms-field-textarea\" data-field-id=\"3\"><label class=\"wpforms-field-label\" for=\"wpforms-157-field_3\">Message <span class=\"wpforms-required-label\" aria-hidden=\"true\">*<\/span><\/label><textarea id=\"wpforms-157-field_3\" class=\"wpforms-field-medium wpforms-field-required\" name=\"wpforms[fields][3]\" aria-errormessage=\"wpforms-157-field_3-error\" required><\/textarea><\/div><script>\n\t\t\t\t( function() {\n\t\t\t\t\tconst style = document.createElement( 'style' );\n\t\t\t\t\tstyle.appendChild( document.createTextNode( '#wpforms-157-field_5-container { position: absolute !important; overflow: hidden !important; display: inline !important; height: 1px !important; width: 1px !important; z-index: -1000 !important; padding: 0 !important; } #wpforms-157-field_5-container input { visibility: hidden; } #wpforms-conversational-form-page #wpforms-157-field_5-container label { counter-increment: none; }' ) );\n\t\t\t\t\tdocument.head.appendChild( style );\n\t\t\t\t\tdocument.currentScript?.remove();\n\t\t\t\t} )();\n\t\t\t<\/script><\/div><!-- .wpforms-field-container --><div class=\"wpforms-submit-container\" ><input type=\"hidden\" name=\"wpforms[id]\" value=\"157\"><input type=\"hidden\" name=\"page_title\" value=\"\"><input type=\"hidden\" name=\"page_url\" value=\"https:\/\/julielapsy.fr\/index.php\/wp-json\/wp\/v2\/pages\/70\"><input type=\"hidden\" name=\"url_referer\" value=\"\"><button type=\"submit\" name=\"wpforms[submit]\" id=\"wpforms-submit-157\" class=\"wpforms-submit\" data-alt-text=\"Envoi...\" data-submit-text=\"Envoyer\" aria-live=\"assertive\" value=\"wpforms-submit\">Envoyer<\/button><img loading=\"lazy\" decoding=\"async\" src=\"https:\/\/julielapsy.fr\/wp-content\/plugins\/wpforms-lite\/assets\/images\/submit-spin.svg\" class=\"wpforms-submit-spinner\" style=\"display: none;\" width=\"26\" height=\"26\" alt=\"Chargement en cours\"><\/div><\/form><\/div>  <!-- .wpforms-container -->","protected":false},"excerpt":{"rendered":"<p>\ud83d\udccd&nbsp;Julie Cozic \u2013 PsychopraticienneAvenue de Bellevue \u2013 95230 Soisy-sous-Montmorency (Val-d\u2019Oise) \ud83d\udcde 06 14 30 69 07\ud83d\udce7 juliecozic95@gmail.com\ud83d\udc49 Prise de rendez-vous [&hellip;]<\/p>\n","protected":false},"author":1,"featured_media":0,"parent":0,"menu_order":0,"comment_status":"closed","ping_status":"closed","template":"","meta":{"site-sidebar-layout":"default","site-content-layout":"","ast-site-content-layout":"default","site-content-style":"default","site-sidebar-style":"default","ast-global-header-display":"","ast-banner-title-visibility":"","ast-main-header-display":"","ast-hfb-above-header-display":"","ast-hfb-below-header-display":"","ast-hfb-mobile-header-display":"","site-post-title":"","ast-breadcrumbs-content":"","ast-featured-img":"","footer-sml-layout":"","theme-transparent-header-meta":"","adv-header-id-meta":"","stick-header-meta":"","header-above-stick-meta":"","header-main-stick-meta":"","header-below-stick-meta":"","astra-migrate-meta-layouts":"default","ast-page-background-enabled":"default","ast-page-background-meta":{"desktop":{"background-color":"var(--ast-global-color-5)","background-image":"","background-repeat":"repeat","background-position":"center center","background-size":"auto","background-attachment":"scroll","background-type":"","background-media":"","overlay-type":"","overlay-color":"","overlay-opacity":"","overlay-gradient":""},"tablet":{"background-color":"","background-image":"","background-repeat":"repeat","background-position":"center center","background-size":"auto","background-attachment":"scroll","background-type":"","background-media":"","overlay-type":"","overlay-color":"","overlay-opacity":"","overlay-gradient":""},"mobile":{"background-color":"","background-image":"","background-repeat":"repeat","background-position":"center center","background-size":"auto","background-attachment":"scroll","background-type":"","background-media":"","overlay-type":"","overlay-color":"","overlay-opacity":"","overlay-gradient":""}},"ast-content-background-meta":{"desktop":{"background-color":"var(--ast-global-color-4)","background-image":"","background-repeat":"repeat","background-position":"center center","background-size":"auto","background-attachment":"scroll","background-type":"","background-media":"","overlay-type":"","overlay-color":"","overlay-opacity":"","overlay-gradient":""},"tablet":{"background-color":"var(--ast-global-color-4)","background-image":"","background-repeat":"repeat","background-position":"center center","background-size":"auto","background-attachment":"scroll","background-type":"","background-media":"","overlay-type":"","overlay-color":"","overlay-opacity":"","overlay-gradient":""},"mobile":{"background-color":"var(--ast-global-color-4)","background-image":"","background-repeat":"repeat","background-position":"center center","background-size":"auto","background-attachment":"scroll","background-type":"","background-media":"","overlay-type":"","overlay-color":"","overlay-opacity":"","overlay-gradient":""}},"footnotes":""},"class_list":["post-70","page","type-page","status-publish","hentry"],"_links":{"self":[{"href":"https:\/\/julielapsy.fr\/index.php\/wp-json\/wp\/v2\/pages\/70","targetHints":{"allow":["GET"]}}],"collection":[{"href":"https:\/\/julielapsy.fr\/index.php\/wp-json\/wp\/v2\/pages"}],"about":[{"href":"https:\/\/julielapsy.fr\/index.php\/wp-json\/wp\/v2\/types\/page"}],"author":[{"embeddable":true,"href":"https:\/\/julielapsy.fr\/index.php\/wp-json\/wp\/v2\/users\/1"}],"replies":[{"embeddable":true,"href":"https:\/\/julielapsy.fr\/index.php\/wp-json\/wp\/v2\/comments?post=70"}],"version-history":[{"count":13,"href":"https:\/\/julielapsy.fr\/index.php\/wp-json\/wp\/v2\/pages\/70\/revisions"}],"predecessor-version":[{"id":358,"href":"https:\/\/julielapsy.fr\/index.php\/wp-json\/wp\/v2\/pages\/70\/revisions\/358"}],"wp:attachment":[{"href":"https:\/\/julielapsy.fr\/index.php\/wp-json\/wp\/v2\/media?parent=70"}],"curies":[{"name":"wp","href":"https:\/\/api.w.org\/{rel}","templated":true}]}}